{"id":759,"date":"2025-01-12T16:04:15","date_gmt":"2025-01-12T15:04:15","guid":{"rendered":"https:\/\/psneuillyputeaux.fr\/?page_id=759"},"modified":"2026-03-03T16:14:41","modified_gmt":"2026-03-03T15:14:41","slug":"agenda-2025","status":"publish","type":"page","link":"https:\/\/psneuillyputeaux.fr\/?page_id=759","title":{"rendered":"Agenda 2026"},"content":{"rendered":"\n<p>La section tient une fois par mois une r\u00e9union de tous ses adh\u00e9rents, alternativement dans chaque commune : Neuilly-sur-Seine, Puteaux; Levallois-Perret.<\/p>\n\n\n\n<p>Le calendrier est r\u00e9guli\u00e8rement actualis\u00e9 sur le groupe WhatsApp.<\/p>\n\n\n\n<p>Si vous ne recevez pas les invitations, merci de nous envoyer un message \u00e0 l&rsquo;adresse psneuilly@gmail.com <\/p>\n\n\n\n<h2 class=\"wp-block-heading\">Pour les \u00e9lections municipales de mars 2026 :<\/h2>\n\n\n\n<p><a href=\"https:\/\/www.facebook.com\/p\/Levallois-en-Commun-61577614100483\/\" data-type=\"link\" data-id=\"https:\/\/www.facebook.com\/p\/Levallois-en-Commun-61577614100483\/\">Levallois en Commun<\/a>  organise sa<a href=\"https:\/\/www.facebook.com\/events\/1438974734275447\"> quatri\u00e8me r\u00e9union publique \u00ab Parlons Projet \u00bb<\/a> aux Salons Anatole France (3 Place du G\u00e9n\u00e9ral Leclerc) jeudi 12 f\u00e9vrier 2026 \u00e0 partir de 19 h.<\/p>\n\n\n\n<p><a href=\"https:\/\/neuillybouge.my.canva.site\/site\">Neuilly Bouge !<\/a> organise sa troisi\u00e8me r\u00e9union publique \u00e0 l&rsquo;Auditorium du Th\u00e9\u00e2tre des Sablons mardi 10 mars 2026 \u00e0 partir de 19 h<\/p>\n\n\n\n<p><a href=\"https:\/\/www.mieuxvivreputeaux.fr\/\">Mieux Vivre Puteaux<\/a> organise sa derni\u00e8re r\u00e9union publique mercredi 11 mars 2026 \u00e0 partir de 19 h \u00e0 l&rsquo;\u00e9cole Jean-Jaur\u00e8s, 48 rue Eichenberger.<\/p>\n\n\n\n<p><\/p>\n","protected":false},"excerpt":{"rendered":"<p>La section tient une fois par mois une r\u00e9union de tous ses adh\u00e9rents, alternativement dans chaque commune : Neuilly-sur-Seine, Puteaux; Levallois-Perret. Le calendrier est r\u00e9guli\u00e8rement actualis\u00e9 sur le groupe WhatsApp. Si vous ne recevez pas les invitations, merci de nous envoyer un message \u00e0 l&rsquo;adresse psneuilly@gmail.com Pour les \u00e9lections municipales de mars 2026 : Levallois &hellip; <\/p>\n<p class=\"link-more\"><a href=\"https:\/\/psneuillyputeaux.fr\/?page_id=759\" class=\"more-link\">Continuer la lecture<span class=\"screen-reader-text\"> de &laquo;&nbsp;Agenda 2026&nbsp;&raquo;<\/span><\/a><\/p>\n","protected":false},"author":4,"featured_media":0,"parent":0,"menu_order":0,"comment_status":"closed","ping_status":"closed","template":"","meta":{"footnotes":""},"class_list":["post-759","page","type-page","status-publish","hentry"],"_links":{"self":[{"href":"https:\/\/psneuillyputeaux.fr\/index.php?rest_route=\/wp\/v2\/pages\/759","targetHints":{"allow":["GET"]}}],"collection":[{"href":"https:\/\/psneuillyputeaux.fr\/index.php?rest_route=\/wp\/v2\/pages"}],"about":[{"href":"https:\/\/psneuillyputeaux.fr\/index.php?rest_route=\/wp\/v2\/types\/page"}],"author":[{"embeddable":true,"href":"https:\/\/psneuillyputeaux.fr\/index.php?rest_route=\/wp\/v2\/users\/4"}],"replies":[{"embeddable":true,"href":"https:\/\/psneuillyputeaux.fr\/index.php?rest_route=%2Fwp%2Fv2%2Fcomments&post=759"}],"version-history":[{"count":2,"href":"https:\/\/psneuillyputeaux.fr\/index.php?rest_route=\/wp\/v2\/pages\/759\/revisions"}],"predecessor-version":[{"id":953,"href":"https:\/\/psneuillyputeaux.fr\/index.php?rest_route=\/wp\/v2\/pages\/759\/revisions\/953"}],"wp:attachment":[{"href":"https:\/\/psneuillyputeaux.fr\/index.php?rest_route=%2Fwp%2Fv2%2Fmedia&parent=759"}],"curies":[{"name":"wp","href":"https:\/\/api.w.org\/{rel}","templated":true}]}}