{"id":102,"date":"2018-08-24T11:00:11","date_gmt":"2018-08-24T09:00:11","guid":{"rendered":"http:\/\/psneuillyputeaux.fr\/?page_id=102"},"modified":"2026-03-03T15:43:05","modified_gmt":"2026-03-03T14:43:05","slug":"puteaux","status":"publish","type":"page","link":"https:\/\/psneuillyputeaux.fr\/?page_id=102","title":{"rendered":"Puteaux"},"content":{"rendered":"\n<p>Mieux vivre Puteaux<br><\/p>\n\n\n\n<figure class=\"wp-block-image size-full\"><img loading=\"lazy\" decoding=\"async\" width=\"851\" height=\"315\" src=\"https:\/\/psneuillyputeaux.fr\/wp-content\/uploads\/2026\/02\/mieuxvivreputeaux.png\" alt=\"\" class=\"wp-image-911\" srcset=\"https:\/\/psneuillyputeaux.fr\/wp-content\/uploads\/2026\/02\/mieuxvivreputeaux.png 851w, https:\/\/psneuillyputeaux.fr\/wp-content\/uploads\/2026\/02\/mieuxvivreputeaux-300x111.png 300w, https:\/\/psneuillyputeaux.fr\/wp-content\/uploads\/2026\/02\/mieuxvivreputeaux-768x284.png 768w\" sizes=\"auto, (max-width: 767px) 89vw, (max-width: 1000px) 54vw, (max-width: 1071px) 543px, 580px\" \/><\/figure>\n\n\n\n<h2 class=\"wp-block-heading\"><strong>La liste Mieux Vivre Puteaux<\/strong><\/h2>\n\n\n\n<p>La liste citoyenne, \u00e9cologiste, d\u00e9mocratique et solidaire <a href=\"https:\/\/www.mieuxvivreputeaux.fr\/\" data-type=\"link\" data-id=\"https:\/\/www.facebook.com\/MieuxVivrePuteaux\">Mieux vivre Puteaux<\/a> est constitu\u00e9e par les \u00e9cologistes, les socialistes, Place Publique, G\u00e9n\u00e9ration\u00b7S&#8230;<br>A suivre sur <a href=\"https:\/\/www.facebook.com\/MieuxVivrePuteaux\">Facebook <\/a>et <a href=\"https:\/\/www.instagram.com\/mieuxvivreputeaux\">Instagram<\/a><br><\/p>\n\n\n\n<figure class=\"wp-block-image size-full\"><a href=\"https:\/\/linktr.ee\/mieuxvivreputeaux\"><img loading=\"lazy\" decoding=\"async\" width=\"720\" height=\"510\" src=\"https:\/\/psneuillyputeaux.fr\/wp-content\/uploads\/2026\/03\/2026-candidats-Puteaux.jpg\" alt=\"\" class=\"wp-image-946\" srcset=\"https:\/\/psneuillyputeaux.fr\/wp-content\/uploads\/2026\/03\/2026-candidats-Puteaux.jpg 720w, https:\/\/psneuillyputeaux.fr\/wp-content\/uploads\/2026\/03\/2026-candidats-Puteaux-300x213.jpg 300w\" sizes=\"auto, (max-width: 720px) 100vw, 720px\" \/><\/a><\/figure>\n\n\n\n<h2 class=\"wp-block-heading\"><br>R\u00e9sultat des \u00e9lections municipales 2020<\/h2>\n\n\n\n<figure class=\"wp-block-image size-large\"><img loading=\"lazy\" decoding=\"async\" width=\"577\" height=\"112\" src=\"https:\/\/psneuillyputeaux.fr\/wp-content\/uploads\/2020\/03\/r\u00e9sultat-Puteaux.jpg\" alt=\"\" class=\"wp-image-502\" srcset=\"https:\/\/psneuillyputeaux.fr\/wp-content\/uploads\/2020\/03\/r\u00e9sultat-Puteaux.jpg 577w, https:\/\/psneuillyputeaux.fr\/wp-content\/uploads\/2020\/03\/r\u00e9sultat-Puteaux-300x58.jpg 300w\" sizes=\"auto, (max-width: 577px) 100vw, 577px\" \/><figcaption class=\"wp-element-caption\">J Ceccaldi-Raynaud a \u00e9t\u00e9 \u00e9lue au 1er tour<\/figcaption><\/figure>\n\n\n\n<p>Tout savoir sur le \u00ab\u00a0Printemps put\u00e9olien\u00a0\u00bb : <a rel=\"noreferrer noopener\" aria-label=\"ICI (s\u2019ouvre dans un nouvel onglet)\" href=\"http:\/\/printempsputeolien.com\/\" target=\"_blank\"><strong>ICI<\/strong><\/a><\/p>\n\n\n\n<figure class=\"wp-block-image size-large is-resized\"><a href=\"https:\/\/psneuillyputeaux.fr\/wp-content\/uploads\/2020\/03\/Puteaux_tract_PP-1.jpg\"><img loading=\"lazy\" decoding=\"async\" width=\"728\" height=\"1024\" src=\"https:\/\/psneuillyputeaux.fr\/wp-content\/uploads\/2020\/03\/Puteaux_tract_PP-1-728x1024.jpg\" alt=\"\" class=\"wp-image-475\" style=\"width:330px;height:464px\" srcset=\"https:\/\/psneuillyputeaux.fr\/wp-content\/uploads\/2020\/03\/Puteaux_tract_PP-1-728x1024.jpg 728w, https:\/\/psneuillyputeaux.fr\/wp-content\/uploads\/2020\/03\/Puteaux_tract_PP-1-213x300.jpg 213w, https:\/\/psneuillyputeaux.fr\/wp-content\/uploads\/2020\/03\/Puteaux_tract_PP-1-768x1080.jpg 768w, https:\/\/psneuillyputeaux.fr\/wp-content\/uploads\/2020\/03\/Puteaux_tract_PP-1-1093x1536.jpg 1093w, https:\/\/psneuillyputeaux.fr\/wp-content\/uploads\/2020\/03\/Puteaux_tract_PP-1-1457x2048.jpg 1457w, https:\/\/psneuillyputeaux.fr\/wp-content\/uploads\/2020\/03\/Puteaux_tract_PP-1.jpg 1754w\" sizes=\"auto, (max-width: 728px) 100vw, 728px\" \/><\/a><figcaption class=\"wp-element-caption\">Liste du \u00ab\u00a0Printemps put\u00e9olien\u00a0\u00bb conduite par Francis Poezevara<\/figcaption><\/figure>\n\n\n<\/p>\n<p>A Puteaux comme \u00e0 Neuilly, une conseill\u00e8re municipale PS est \u00e9lue et est le lien avec votre conseil municipal.<\/p>\n<p>Vous retrouverez toutes les informations de <strong>Nadine Jeanne<\/strong>, \u00e9lue de Puteaux jusqu&rsquo;en 2020, sur son <a href=\"http:\/\/www.nadinejeanne.com\/\"><strong>blog<\/strong>.<\/a><\/p>\n<p><img loading=\"lazy\" decoding=\"async\" class=\"alignnone size-full wp-image-103\" src=\"https:\/\/psneuillyputeaux.fr\/wp-content\/uploads\/2018\/08\/Nadine-Jeanne.jpg\" alt=\"\" width=\"150\" height=\"225\"><\/p>\n<p>Le dernier conseil municipal de la mandature a eu lieu le jeudi <strong>18 d\u00e9cembre 2019 \u00e0 9h30<\/strong><\/p>\n\n\n<h3 class=\"wp-block-heading\"><a href=\"https:\/\/www.nadinejeanne.com\/2019\/12\/un-dernier-conseil-municipal-%C3%A0-puteaux-plein-d%C3%A9motion.html\">Un dernier conseil municipal \u00e0 Puteaux plein d&rsquo;\u00e9motion<\/a><\/h3>\n\n\n\n<figure class=\"wp-block-image\"><a href=\"https:\/\/nadinejeanne.typepad.com\/.a\/6a00d83451b9bc69e20240a4f87b14200b-pi\"><img decoding=\"async\" src=\"https:\/\/nadinejeanne.typepad.com\/.a\/6a00d83451b9bc69e20240a4f87b14200b-800wi\" alt=\"EMEYxmpW4AEObph\"\/><\/a><\/figure>\n\n\n\n<p><em>C&rsquo;\u00e9tait la derni\u00e8re s\u00e9ance&#8230;<\/em>&nbsp;C&rsquo;est sur cette chanson que s&rsquo;est termin\u00e9 le conseil municipal de ce jeudi 18 d\u00e9cembre, le dernier de la mandature. Il y avait donc un peu de nostalgie dans l&rsquo;air car m\u00eame si l&rsquo;atmosph\u00e8re des d\u00e9bats a parfois \u00e9t\u00e9 houleuse nous avons tous le sentiment d&rsquo;avoir oeuvr\u00e9 pour le bien des Put\u00e9oliens.<br>Plusieurs d&rsquo;entre nous ne reviendront pas: c&rsquo;est le cas de&nbsp;<a href=\"https:\/\/www.nadinejeanne.com\/2019\/12\/derni%C3%A8re-s%C3%A9ance-pour-christophe-gr%C3%A9bert-le-parisien.html\">Christophe Gr\u00e9bert<\/a>&nbsp;(12 ans de mandat), d&rsquo;Evelyne Hardy&nbsp;(12 ans \u00e9galement) et de moi-m\u00eame (16 ans de mandat!).<\/p>\n\n\n\n<p>Encore aujourd&rsquo;hui de nombreux sujets ont \u00e9t\u00e9 abord\u00e9s en mati\u00e8re d&rsquo;\u00e9cologie, de cr\u00e8ches ou d&rsquo;urbanisme. En ce qui concerne l&rsquo;environnement, les propositions sont tardives et souvent modestes (forage de deux puits urbains permettant d&rsquo;avoir de l&rsquo;eau non potable pour arroser les pelouses, installation de r\u00e9cup\u00e9rateurs d&rsquo;eau de pluie) mais on nous promet plus d&rsquo;ambition pour l&rsquo;avenir.<\/p>\n\n\n\n<p>Quant aux logements, la situation reste inchang\u00e9e : les constructions nouvelles s&rsquo;adressent aux classes ais\u00e9es et, \u00e0 quelques exceptions pr\u00e8s, les Put\u00e9oliens qui sont dans des situations critiques ne peuvent esp\u00e9rer \u00eatre relog\u00e9s sur Puteaux.<\/p>\n\n\n\n<p>&gt; Tweet de Francis Po\u00e9z\u00e9vara :&nbsp;<em><a href=\"https:\/\/twitter.com\/Joelle_CR\">@Joelle_CR<\/a>&nbsp;rejette la proposition de&nbsp;<a href=\"https:\/\/twitter.com\/nadine_jeanne\">@nadine_jeanne<\/a>&nbsp;de \u00ab&nbsp;tout mettre en \u0153uvre pour que chacun\u2022e \u00e0&nbsp;<a href=\"https:\/\/twitter.com\/hashtag\/Puteaux?src=hashtag_click\">#Puteaux<\/a>&nbsp;ait un toit d\u00e9cent&nbsp;\u00bb.&nbsp;<\/em>Incompr\u00e9hensible.<\/p>\n\n\n\n<p>La situation de Marie, une femme de 72 ans qui se retrouve sans logement, a \u00e9t\u00e9 \u00e0 nouveau \u00e9voqu\u00e9e en fin de conseil. Nous avons rappel\u00e9 qu&rsquo;elle n&rsquo;avait pas refus\u00e9 d&rsquo;offre sur Puteaux mais qu&rsquo;elle avait accept\u00e9 trop tard ce qui est diff\u00e9rent. Peut-\u00eatre son cas sera-t-il r\u00e9\u00e9tudi\u00e9 dans la prochaine commision mais rien n&rsquo;est moins s\u00fbr!<\/p>\n\n\n\n<p><em>Nous esp\u00e9rons avoir su tout au long de ce mandat relayer vos attentes. Dans certains cas nous avons \u00e9t\u00e9 entendus, dans d&rsquo;autres non mais globalement notre travail aura \u00e9t\u00e9 utile. A d&rsquo;autres maintenant de prendre le relais!<\/em><\/p>\n","protected":false},"excerpt":{"rendered":"<p>Mieux vivre Puteaux La liste Mieux Vivre Puteaux La liste citoyenne, \u00e9cologiste, d\u00e9mocratique et solidaire Mieux vivre Puteaux est constitu\u00e9e par les \u00e9cologistes, les socialistes, Place Publique, G\u00e9n\u00e9ration\u00b7S&#8230;A suivre sur Facebook et Instagram R\u00e9sultat des \u00e9lections municipales 2020 Tout savoir sur le \u00ab\u00a0Printemps put\u00e9olien\u00a0\u00bb : ICI A Puteaux comme \u00e0 Neuilly, une conseill\u00e8re municipale PS &hellip; <\/p>\n<p class=\"link-more\"><a href=\"https:\/\/psneuillyputeaux.fr\/?page_id=102\" class=\"more-link\">Continuer la lecture<span class=\"screen-reader-text\"> de &laquo;&nbsp;Puteaux&nbsp;&raquo;<\/span><\/a><\/p>\n","protected":false},"author":1,"featured_media":0,"parent":61,"menu_order":1,"comment_status":"closed","ping_status":"closed","template":"","meta":{"footnotes":""},"class_list":["post-102","page","type-page","status-publish","hentry"],"_links":{"self":[{"href":"https:\/\/psneuillyputeaux.fr\/index.php?rest_route=\/wp\/v2\/pages\/102","targetHints":{"allow":["GET"]}}],"collection":[{"href":"https:\/\/psneuillyputeaux.fr\/index.php?rest_route=\/wp\/v2\/pages"}],"about":[{"href":"https:\/\/psneuillyputeaux.fr\/index.php?rest_route=\/wp\/v2\/types\/page"}],"author":[{"embeddable":true,"href":"https:\/\/psneuillyputeaux.fr\/index.php?rest_route=\/wp\/v2\/users\/1"}],"replies":[{"embeddable":true,"href":"https:\/\/psneuillyputeaux.fr\/index.php?rest_route=%2Fwp%2Fv2%2Fcomments&post=102"}],"version-history":[{"count":10,"href":"https:\/\/psneuillyputeaux.fr\/index.php?rest_route=\/wp\/v2\/pages\/102\/revisions"}],"predecessor-version":[{"id":947,"href":"https:\/\/psneuillyputeaux.fr\/index.php?rest_route=\/wp\/v2\/pages\/102\/revisions\/947"}],"up":[{"embeddable":true,"href":"https:\/\/psneuillyputeaux.fr\/index.php?rest_route=\/wp\/v2\/pages\/61"}],"wp:attachment":[{"href":"https:\/\/psneuillyputeaux.fr\/index.php?rest_route=%2Fwp%2Fv2%2Fmedia&parent=102"}],"curies":[{"name":"wp","href":"https:\/\/api.w.org\/{rel}","templated":true}]}}